{"id":806,"date":"2020-01-29T11:33:29","date_gmt":"2020-01-29T10:33:29","guid":{"rendered":"https:\/\/www.naad-hotel.com\/hotel-sarlat\/hotel-charme\/"},"modified":"2021-07-19T12:21:46","modified_gmt":"2021-07-19T10:21:46","slug":"hotel-con-encanto","status":"publish","type":"page","link":"https:\/\/www.naad-hotel.com\/es\/hotel-con-encanto\/","title":{"rendered":"Un hotel con encanto en Sarlat-la-Can\u00e9da"},"content":{"rendered":"","protected":false},"excerpt":{"rendered":"","protected":false},"author":2,"featured_media":0,"parent":0,"menu_order":0,"comment_status":"closed","ping_status":"closed","template":"","meta":{"_acf_changed":false,"footnotes":""},"class_list":["post-806","page","type-page","status-publish","hentry"],"acf":[],"yoast_head":"<!-- This site is optimized with the Yoast SEO plugin v27.3 - https:\/\/yoast.com\/product\/yoast-seo-wordpress\/ -->\n<title>Hotel con encanto en Sarlat, Dordo\u00f1a<\/title>\n<meta name=\"description\" content=\"Para su estancia en Dordo\u00f1a, \u00bfqu\u00e9 tal un hotel con encanto en Sarlat-la-Can\u00e9da? La atm\u00f3sfera \u00fanicadel hotel NA\u00c2D tiene todo para seducirlo.\" \/>\n<meta name=\"robots\" content=\"index, follow, max-snippet:-1, max-image-preview:large, max-video-preview:-1\" \/>\n<link rel=\"canonical\" href=\"https:\/\/www.naad-hotel.com\/es\/hotel-con-encanto\/\" \/>\n<meta property=\"og:locale\" content=\"es_ES\" \/>\n<meta property=\"og:type\" content=\"article\" \/>\n<meta property=\"og:title\" content=\"Hotel con encanto en Sarlat, Dordo\u00f1a\" \/>\n<meta property=\"og:description\" content=\"Para su estancia en Dordo\u00f1a, \u00bfqu\u00e9 tal un hotel con encanto en Sarlat-la-Can\u00e9da? La atm\u00f3sfera \u00fanicadel hotel NA\u00c2D tiene todo para seducirlo.\" \/>\n<meta property=\"og:url\" content=\"https:\/\/www.naad-hotel.com\/es\/hotel-con-encanto\/\" \/>\n<meta property=\"og:site_name\" content=\"Na\u00e2d Boutique H\u00f4tel\" \/>\n<meta property=\"article:modified_time\" content=\"2021-07-19T10:21:46+00:00\" \/>\n<meta name=\"twitter:card\" content=\"summary_large_image\" \/>\n<script type=\"application\/ld+json\" class=\"yoast-schema-graph\">{\"@context\":\"https:\\\/\\\/schema.org\",\"@graph\":[{\"@type\":\"WebPage\",\"@id\":\"https:\\\/\\\/www.naad-hotel.com\\\/es\\\/hotel-con-encanto\\\/\",\"url\":\"https:\\\/\\\/www.naad-hotel.com\\\/es\\\/hotel-con-encanto\\\/\",\"name\":\"Hotel con encanto en Sarlat, Dordo\u00f1a\",\"isPartOf\":{\"@id\":\"https:\\\/\\\/www.naad-hotel.com\\\/es\\\/#website\"},\"datePublished\":\"2020-01-29T10:33:29+00:00\",\"dateModified\":\"2021-07-19T10:21:46+00:00\",\"description\":\"Para su estancia en Dordo\u00f1a, \u00bfqu\u00e9 tal un hotel con encanto en Sarlat-la-Can\u00e9da? La atm\u00f3sfera \u00fanicadel hotel NA\u00c2D tiene todo para seducirlo.\",\"breadcrumb\":{\"@id\":\"https:\\\/\\\/www.naad-hotel.com\\\/es\\\/hotel-con-encanto\\\/#breadcrumb\"},\"inLanguage\":\"es\",\"potentialAction\":[{\"@type\":\"ReadAction\",\"target\":[\"https:\\\/\\\/www.naad-hotel.com\\\/es\\\/hotel-con-encanto\\\/\"]}]},{\"@type\":\"BreadcrumbList\",\"@id\":\"https:\\\/\\\/www.naad-hotel.com\\\/es\\\/hotel-con-encanto\\\/#breadcrumb\",\"itemListElement\":[{\"@type\":\"ListItem\",\"position\":1,\"name\":\"P\u00e1gina de inicio\",\"item\":\"https:\\\/\\\/www.naad-hotel.com\\\/es\\\/\"},{\"@type\":\"ListItem\",\"position\":2,\"name\":\"El hotel\",\"item\":\"https:\\\/\\\/www.naad-hotel.com\\\/es\\\/hotel-sarlat\\\/\"},{\"@type\":\"ListItem\",\"position\":3,\"name\":\"Hotel con encanto en Sarlat\"}]},{\"@type\":\"WebSite\",\"@id\":\"https:\\\/\\\/www.naad-hotel.com\\\/es\\\/#website\",\"url\":\"https:\\\/\\\/www.naad-hotel.com\\\/es\\\/\",\"name\":\"Na\u00e2d Boutique H\u00f4tel\",\"description\":\"Invitez vous au c\u0153ur de Sarlat\",\"publisher\":{\"@id\":\"https:\\\/\\\/www.naad-hotel.com\\\/es\\\/#organization\"},\"potentialAction\":[{\"@type\":\"SearchAction\",\"target\":{\"@type\":\"EntryPoint\",\"urlTemplate\":\"https:\\\/\\\/www.naad-hotel.com\\\/es\\\/?s={search_term_string}\"},\"query-input\":{\"@type\":\"PropertyValueSpecification\",\"valueRequired\":true,\"valueName\":\"search_term_string\"}}],\"inLanguage\":\"es\"},{\"@type\":\"Organization\",\"@id\":\"https:\\\/\\\/www.naad-hotel.com\\\/es\\\/#organization\",\"name\":\"Naad Hotel\",\"url\":\"https:\\\/\\\/www.naad-hotel.com\\\/es\\\/\",\"logo\":{\"@type\":\"ImageObject\",\"inLanguage\":\"es\",\"@id\":\"https:\\\/\\\/www.naad-hotel.com\\\/es\\\/#\\\/schema\\\/logo\\\/image\\\/\",\"url\":\"https:\\\/\\\/www.naad-hotel.com\\\/wp-content\\\/uploads\\\/2022\\\/09\\\/logo-light-1.jpg\",\"contentUrl\":\"https:\\\/\\\/www.naad-hotel.com\\\/wp-content\\\/uploads\\\/2022\\\/09\\\/logo-light-1.jpg\",\"width\":1280,\"height\":462,\"caption\":\"Naad Hotel\"},\"image\":{\"@id\":\"https:\\\/\\\/www.naad-hotel.com\\\/es\\\/#\\\/schema\\\/logo\\\/image\\\/\"}}]}<\/script>\n<!-- \/ Yoast SEO plugin. -->","yoast_head_json":{"title":"Hotel con encanto en Sarlat, Dordo\u00f1a","description":"Para su estancia en Dordo\u00f1a, \u00bfqu\u00e9 tal un hotel con encanto en Sarlat-la-Can\u00e9da? La atm\u00f3sfera \u00fanicadel hotel NA\u00c2D tiene todo para seducirlo.","robots":{"index":"index","follow":"follow","max-snippet":"max-snippet:-1","max-image-preview":"max-image-preview:large","max-video-preview":"max-video-preview:-1"},"canonical":"https:\/\/www.naad-hotel.com\/es\/hotel-con-encanto\/","og_locale":"es_ES","og_type":"article","og_title":"Hotel con encanto en Sarlat, Dordo\u00f1a","og_description":"Para su estancia en Dordo\u00f1a, \u00bfqu\u00e9 tal un hotel con encanto en Sarlat-la-Can\u00e9da? La atm\u00f3sfera \u00fanicadel hotel NA\u00c2D tiene todo para seducirlo.","og_url":"https:\/\/www.naad-hotel.com\/es\/hotel-con-encanto\/","og_site_name":"Na\u00e2d Boutique H\u00f4tel","article_modified_time":"2021-07-19T10:21:46+00:00","twitter_card":"summary_large_image","schema":{"@context":"https:\/\/schema.org","@graph":[{"@type":"WebPage","@id":"https:\/\/www.naad-hotel.com\/es\/hotel-con-encanto\/","url":"https:\/\/www.naad-hotel.com\/es\/hotel-con-encanto\/","name":"Hotel con encanto en Sarlat, Dordo\u00f1a","isPartOf":{"@id":"https:\/\/www.naad-hotel.com\/es\/#website"},"datePublished":"2020-01-29T10:33:29+00:00","dateModified":"2021-07-19T10:21:46+00:00","description":"Para su estancia en Dordo\u00f1a, \u00bfqu\u00e9 tal un hotel con encanto en Sarlat-la-Can\u00e9da? La atm\u00f3sfera \u00fanicadel hotel NA\u00c2D tiene todo para seducirlo.","breadcrumb":{"@id":"https:\/\/www.naad-hotel.com\/es\/hotel-con-encanto\/#breadcrumb"},"inLanguage":"es","potentialAction":[{"@type":"ReadAction","target":["https:\/\/www.naad-hotel.com\/es\/hotel-con-encanto\/"]}]},{"@type":"BreadcrumbList","@id":"https:\/\/www.naad-hotel.com\/es\/hotel-con-encanto\/#breadcrumb","itemListElement":[{"@type":"ListItem","position":1,"name":"P\u00e1gina de inicio","item":"https:\/\/www.naad-hotel.com\/es\/"},{"@type":"ListItem","position":2,"name":"El hotel","item":"https:\/\/www.naad-hotel.com\/es\/hotel-sarlat\/"},{"@type":"ListItem","position":3,"name":"Hotel con encanto en Sarlat"}]},{"@type":"WebSite","@id":"https:\/\/www.naad-hotel.com\/es\/#website","url":"https:\/\/www.naad-hotel.com\/es\/","name":"Na\u00e2d Boutique H\u00f4tel","description":"Invitez vous au c\u0153ur de Sarlat","publisher":{"@id":"https:\/\/www.naad-hotel.com\/es\/#organization"},"potentialAction":[{"@type":"SearchAction","target":{"@type":"EntryPoint","urlTemplate":"https:\/\/www.naad-hotel.com\/es\/?s={search_term_string}"},"query-input":{"@type":"PropertyValueSpecification","valueRequired":true,"valueName":"search_term_string"}}],"inLanguage":"es"},{"@type":"Organization","@id":"https:\/\/www.naad-hotel.com\/es\/#organization","name":"Naad Hotel","url":"https:\/\/www.naad-hotel.com\/es\/","logo":{"@type":"ImageObject","inLanguage":"es","@id":"https:\/\/www.naad-hotel.com\/es\/#\/schema\/logo\/image\/","url":"https:\/\/www.naad-hotel.com\/wp-content\/uploads\/2022\/09\/logo-light-1.jpg","contentUrl":"https:\/\/www.naad-hotel.com\/wp-content\/uploads\/2022\/09\/logo-light-1.jpg","width":1280,"height":462,"caption":"Naad Hotel"},"image":{"@id":"https:\/\/www.naad-hotel.com\/es\/#\/schema\/logo\/image\/"}}]}},"_links":{"self":[{"href":"https:\/\/www.naad-hotel.com\/es\/wp-json\/wp\/v2\/pages\/806","targetHints":{"allow":["GET"]}}],"collection":[{"href":"https:\/\/www.naad-hotel.com\/es\/wp-json\/wp\/v2\/pages"}],"about":[{"href":"https:\/\/www.naad-hotel.com\/es\/wp-json\/wp\/v2\/types\/page"}],"author":[{"embeddable":true,"href":"https:\/\/www.naad-hotel.com\/es\/wp-json\/wp\/v2\/users\/2"}],"replies":[{"embeddable":true,"href":"https:\/\/www.naad-hotel.com\/es\/wp-json\/wp\/v2\/comments?post=806"}],"version-history":[{"count":3,"href":"https:\/\/www.naad-hotel.com\/es\/wp-json\/wp\/v2\/pages\/806\/revisions"}],"predecessor-version":[{"id":1557,"href":"https:\/\/www.naad-hotel.com\/es\/wp-json\/wp\/v2\/pages\/806\/revisions\/1557"}],"wp:attachment":[{"href":"https:\/\/www.naad-hotel.com\/es\/wp-json\/wp\/v2\/media?parent=806"}],"curies":[{"name":"wp","href":"https:\/\/api.w.org\/{rel}","templated":true}]}}