{"id":1515,"date":"2020-02-12T10:09:23","date_gmt":"2020-02-12T09:09:23","guid":{"rendered":"https:\/\/www.naad-hotel.com\/habitaciones\/coquinaad\/"},"modified":"2021-07-19T11:51:07","modified_gmt":"2021-07-19T09:51:07","slug":"coquinaad","status":"publish","type":"page","link":"https:\/\/www.naad-hotel.com\/es\/habitaciones\/coquinaad\/","title":{"rendered":"Coquina\u00e2d"},"content":{"rendered":"","protected":false},"excerpt":{"rendered":"","protected":false},"author":2,"featured_media":0,"parent":830,"menu_order":0,"comment_status":"closed","ping_status":"closed","template":"page-fiche-chambre.php","meta":{"_acf_changed":false,"footnotes":""},"class_list":["post-1515","page","type-page","status-publish","hentry"],"acf":[],"yoast_head":"<!-- This site is optimized with the Yoast SEO plugin v27.3 - https:\/\/yoast.com\/product\/yoast-seo-wordpress\/ -->\n<title>Rom\u00e1ntica habitaci\u00f3n de hotel en Sarlat<\/title>\n<meta name=\"description\" content=\"Nuestro hotel Na\u00e2d le invita al romanticismo en el coraz\u00f3n de Sarlat, en el P\u00e9rigord Noir.\" \/>\n<meta name=\"robots\" content=\"index, follow, max-snippet:-1, max-image-preview:large, max-video-preview:-1\" \/>\n<link rel=\"canonical\" href=\"https:\/\/www.naad-hotel.com\/es\/habitaciones\/coquinaad\/\" \/>\n<meta property=\"og:locale\" content=\"es_ES\" \/>\n<meta property=\"og:type\" content=\"article\" \/>\n<meta property=\"og:title\" content=\"Rom\u00e1ntica habitaci\u00f3n de hotel en Sarlat\" \/>\n<meta property=\"og:description\" content=\"Nuestro hotel Na\u00e2d le invita al romanticismo en el coraz\u00f3n de Sarlat, en el P\u00e9rigord Noir.\" \/>\n<meta property=\"og:url\" content=\"https:\/\/www.naad-hotel.com\/es\/habitaciones\/coquinaad\/\" \/>\n<meta property=\"og:site_name\" content=\"Na\u00e2d Boutique H\u00f4tel\" \/>\n<meta property=\"article:modified_time\" content=\"2021-07-19T09:51:07+00:00\" \/>\n<meta name=\"twitter:card\" content=\"summary_large_image\" \/>\n<script type=\"application\/ld+json\" class=\"yoast-schema-graph\">{\"@context\":\"https:\\\/\\\/schema.org\",\"@graph\":[{\"@type\":\"WebPage\",\"@id\":\"https:\\\/\\\/www.naad-hotel.com\\\/es\\\/habitaciones\\\/coquinaad\\\/\",\"url\":\"https:\\\/\\\/www.naad-hotel.com\\\/es\\\/habitaciones\\\/coquinaad\\\/\",\"name\":\"Rom\u00e1ntica habitaci\u00f3n de hotel en Sarlat\",\"isPartOf\":{\"@id\":\"https:\\\/\\\/www.naad-hotel.com\\\/es\\\/#website\"},\"datePublished\":\"2020-02-12T09:09:23+00:00\",\"dateModified\":\"2021-07-19T09:51:07+00:00\",\"description\":\"Nuestro hotel Na\u00e2d le invita al romanticismo en el coraz\u00f3n de Sarlat, en el P\u00e9rigord Noir.\",\"breadcrumb\":{\"@id\":\"https:\\\/\\\/www.naad-hotel.com\\\/es\\\/habitaciones\\\/coquinaad\\\/#breadcrumb\"},\"inLanguage\":\"es\",\"potentialAction\":[{\"@type\":\"ReadAction\",\"target\":[\"https:\\\/\\\/www.naad-hotel.com\\\/es\\\/habitaciones\\\/coquinaad\\\/\"]}]},{\"@type\":\"BreadcrumbList\",\"@id\":\"https:\\\/\\\/www.naad-hotel.com\\\/es\\\/habitaciones\\\/coquinaad\\\/#breadcrumb\",\"itemListElement\":[{\"@type\":\"ListItem\",\"position\":1,\"name\":\"P\u00e1gina de inicio\",\"item\":\"https:\\\/\\\/www.naad-hotel.com\\\/es\\\/\"},{\"@type\":\"ListItem\",\"position\":2,\"name\":\"Habitaci\u00f3nes\",\"item\":\"https:\\\/\\\/www.naad-hotel.com\\\/es\\\/habitaciones\\\/\"},{\"@type\":\"ListItem\",\"position\":3,\"name\":\"Coquina\u00e2d\"}]},{\"@type\":\"WebSite\",\"@id\":\"https:\\\/\\\/www.naad-hotel.com\\\/es\\\/#website\",\"url\":\"https:\\\/\\\/www.naad-hotel.com\\\/es\\\/\",\"name\":\"Na\u00e2d Boutique H\u00f4tel\",\"description\":\"Invitez vous au c\u0153ur de Sarlat\",\"publisher\":{\"@id\":\"https:\\\/\\\/www.naad-hotel.com\\\/es\\\/#organization\"},\"potentialAction\":[{\"@type\":\"SearchAction\",\"target\":{\"@type\":\"EntryPoint\",\"urlTemplate\":\"https:\\\/\\\/www.naad-hotel.com\\\/es\\\/?s={search_term_string}\"},\"query-input\":{\"@type\":\"PropertyValueSpecification\",\"valueRequired\":true,\"valueName\":\"search_term_string\"}}],\"inLanguage\":\"es\"},{\"@type\":\"Organization\",\"@id\":\"https:\\\/\\\/www.naad-hotel.com\\\/es\\\/#organization\",\"name\":\"Naad Hotel\",\"url\":\"https:\\\/\\\/www.naad-hotel.com\\\/es\\\/\",\"logo\":{\"@type\":\"ImageObject\",\"inLanguage\":\"es\",\"@id\":\"https:\\\/\\\/www.naad-hotel.com\\\/es\\\/#\\\/schema\\\/logo\\\/image\\\/\",\"url\":\"https:\\\/\\\/www.naad-hotel.com\\\/wp-content\\\/uploads\\\/2022\\\/09\\\/logo-light-1.jpg\",\"contentUrl\":\"https:\\\/\\\/www.naad-hotel.com\\\/wp-content\\\/uploads\\\/2022\\\/09\\\/logo-light-1.jpg\",\"width\":1280,\"height\":462,\"caption\":\"Naad Hotel\"},\"image\":{\"@id\":\"https:\\\/\\\/www.naad-hotel.com\\\/es\\\/#\\\/schema\\\/logo\\\/image\\\/\"}}]}<\/script>\n<!-- \/ Yoast SEO plugin. -->","yoast_head_json":{"title":"Rom\u00e1ntica habitaci\u00f3n de hotel en Sarlat","description":"Nuestro hotel Na\u00e2d le invita al romanticismo en el coraz\u00f3n de Sarlat, en el P\u00e9rigord Noir.","robots":{"index":"index","follow":"follow","max-snippet":"max-snippet:-1","max-image-preview":"max-image-preview:large","max-video-preview":"max-video-preview:-1"},"canonical":"https:\/\/www.naad-hotel.com\/es\/habitaciones\/coquinaad\/","og_locale":"es_ES","og_type":"article","og_title":"Rom\u00e1ntica habitaci\u00f3n de hotel en Sarlat","og_description":"Nuestro hotel Na\u00e2d le invita al romanticismo en el coraz\u00f3n de Sarlat, en el P\u00e9rigord Noir.","og_url":"https:\/\/www.naad-hotel.com\/es\/habitaciones\/coquinaad\/","og_site_name":"Na\u00e2d Boutique H\u00f4tel","article_modified_time":"2021-07-19T09:51:07+00:00","twitter_card":"summary_large_image","schema":{"@context":"https:\/\/schema.org","@graph":[{"@type":"WebPage","@id":"https:\/\/www.naad-hotel.com\/es\/habitaciones\/coquinaad\/","url":"https:\/\/www.naad-hotel.com\/es\/habitaciones\/coquinaad\/","name":"Rom\u00e1ntica habitaci\u00f3n de hotel en Sarlat","isPartOf":{"@id":"https:\/\/www.naad-hotel.com\/es\/#website"},"datePublished":"2020-02-12T09:09:23+00:00","dateModified":"2021-07-19T09:51:07+00:00","description":"Nuestro hotel Na\u00e2d le invita al romanticismo en el coraz\u00f3n de Sarlat, en el P\u00e9rigord Noir.","breadcrumb":{"@id":"https:\/\/www.naad-hotel.com\/es\/habitaciones\/coquinaad\/#breadcrumb"},"inLanguage":"es","potentialAction":[{"@type":"ReadAction","target":["https:\/\/www.naad-hotel.com\/es\/habitaciones\/coquinaad\/"]}]},{"@type":"BreadcrumbList","@id":"https:\/\/www.naad-hotel.com\/es\/habitaciones\/coquinaad\/#breadcrumb","itemListElement":[{"@type":"ListItem","position":1,"name":"P\u00e1gina de inicio","item":"https:\/\/www.naad-hotel.com\/es\/"},{"@type":"ListItem","position":2,"name":"Habitaci\u00f3nes","item":"https:\/\/www.naad-hotel.com\/es\/habitaciones\/"},{"@type":"ListItem","position":3,"name":"Coquina\u00e2d"}]},{"@type":"WebSite","@id":"https:\/\/www.naad-hotel.com\/es\/#website","url":"https:\/\/www.naad-hotel.com\/es\/","name":"Na\u00e2d Boutique H\u00f4tel","description":"Invitez vous au c\u0153ur de Sarlat","publisher":{"@id":"https:\/\/www.naad-hotel.com\/es\/#organization"},"potentialAction":[{"@type":"SearchAction","target":{"@type":"EntryPoint","urlTemplate":"https:\/\/www.naad-hotel.com\/es\/?s={search_term_string}"},"query-input":{"@type":"PropertyValueSpecification","valueRequired":true,"valueName":"search_term_string"}}],"inLanguage":"es"},{"@type":"Organization","@id":"https:\/\/www.naad-hotel.com\/es\/#organization","name":"Naad Hotel","url":"https:\/\/www.naad-hotel.com\/es\/","logo":{"@type":"ImageObject","inLanguage":"es","@id":"https:\/\/www.naad-hotel.com\/es\/#\/schema\/logo\/image\/","url":"https:\/\/www.naad-hotel.com\/wp-content\/uploads\/2022\/09\/logo-light-1.jpg","contentUrl":"https:\/\/www.naad-hotel.com\/wp-content\/uploads\/2022\/09\/logo-light-1.jpg","width":1280,"height":462,"caption":"Naad Hotel"},"image":{"@id":"https:\/\/www.naad-hotel.com\/es\/#\/schema\/logo\/image\/"}}]}},"_links":{"self":[{"href":"https:\/\/www.naad-hotel.com\/es\/wp-json\/wp\/v2\/pages\/1515","targetHints":{"allow":["GET"]}}],"collection":[{"href":"https:\/\/www.naad-hotel.com\/es\/wp-json\/wp\/v2\/pages"}],"about":[{"href":"https:\/\/www.naad-hotel.com\/es\/wp-json\/wp\/v2\/types\/page"}],"author":[{"embeddable":true,"href":"https:\/\/www.naad-hotel.com\/es\/wp-json\/wp\/v2\/users\/2"}],"replies":[{"embeddable":true,"href":"https:\/\/www.naad-hotel.com\/es\/wp-json\/wp\/v2\/comments?post=1515"}],"version-history":[{"count":4,"href":"https:\/\/www.naad-hotel.com\/es\/wp-json\/wp\/v2\/pages\/1515\/revisions"}],"predecessor-version":[{"id":1545,"href":"https:\/\/www.naad-hotel.com\/es\/wp-json\/wp\/v2\/pages\/1515\/revisions\/1545"}],"up":[{"embeddable":true,"href":"https:\/\/www.naad-hotel.com\/es\/wp-json\/wp\/v2\/pages\/830"}],"wp:attachment":[{"href":"https:\/\/www.naad-hotel.com\/es\/wp-json\/wp\/v2\/media?parent=1515"}],"curies":[{"name":"wp","href":"https:\/\/api.w.org\/{rel}","templated":true}]}}