{"id":1455,"date":"2020-02-06T13:13:53","date_gmt":"2020-02-06T12:13:53","guid":{"rendered":"https:\/\/www.naad-hotel.com\/chambres\/"},"modified":"2021-07-23T08:58:59","modified_gmt":"2021-07-23T06:58:59","slug":"rooms","status":"publish","type":"page","link":"https:\/\/www.naad-hotel.com\/en\/rooms\/","title":{"rendered":"The room you need for your stay in Dordogne"},"content":{"rendered":"","protected":false},"excerpt":{"rendered":"","protected":false},"author":2,"featured_media":0,"parent":0,"menu_order":0,"comment_status":"closed","ping_status":"closed","template":"page-chambres.php","meta":{"_acf_changed":false,"footnotes":""},"class_list":["post-1455","page","type-page","status-publish","hentry"],"acf":[],"yoast_head":"<!-- This site is optimized with the Yoast SEO plugin v27.3 - https:\/\/yoast.com\/product\/yoast-seo-wordpress\/ -->\n<title>Stay in Dordogne: discover our rooms<\/title>\n<meta name=\"description\" content=\"Our hotel, in the city center of Sarlat, offers several categories of rooms. Your holidays in the Dordogne can begin!\" \/>\n<meta name=\"robots\" content=\"index, follow, max-snippet:-1, max-image-preview:large, max-video-preview:-1\" \/>\n<link rel=\"canonical\" href=\"https:\/\/www.naad-hotel.com\/en\/rooms\/\" \/>\n<meta property=\"og:locale\" content=\"en_US\" \/>\n<meta property=\"og:type\" content=\"article\" \/>\n<meta property=\"og:title\" content=\"Stay in Dordogne: discover our rooms\" \/>\n<meta property=\"og:description\" content=\"Our hotel, in the city center of Sarlat, offers several categories of rooms. Your holidays in the Dordogne can begin!\" \/>\n<meta property=\"og:url\" content=\"https:\/\/www.naad-hotel.com\/en\/rooms\/\" \/>\n<meta property=\"og:site_name\" content=\"Na\u00e2d Boutique H\u00f4tel\" \/>\n<meta property=\"article:modified_time\" content=\"2021-07-23T06:58:59+00:00\" \/>\n<meta name=\"twitter:card\" content=\"summary_large_image\" \/>\n<script type=\"application\/ld+json\" class=\"yoast-schema-graph\">{\"@context\":\"https:\\\/\\\/schema.org\",\"@graph\":[{\"@type\":\"WebPage\",\"@id\":\"https:\\\/\\\/www.naad-hotel.com\\\/en\\\/rooms\\\/\",\"url\":\"https:\\\/\\\/www.naad-hotel.com\\\/en\\\/rooms\\\/\",\"name\":\"Stay in Dordogne: discover our rooms\",\"isPartOf\":{\"@id\":\"https:\\\/\\\/www.naad-hotel.com\\\/en\\\/#website\"},\"datePublished\":\"2020-02-06T12:13:53+00:00\",\"dateModified\":\"2021-07-23T06:58:59+00:00\",\"description\":\"Our hotel, in the city center of Sarlat, offers several categories of rooms. Your holidays in the Dordogne can begin!\",\"breadcrumb\":{\"@id\":\"https:\\\/\\\/www.naad-hotel.com\\\/en\\\/rooms\\\/#breadcrumb\"},\"inLanguage\":\"en-US\",\"potentialAction\":[{\"@type\":\"ReadAction\",\"target\":[\"https:\\\/\\\/www.naad-hotel.com\\\/en\\\/rooms\\\/\"]}]},{\"@type\":\"BreadcrumbList\",\"@id\":\"https:\\\/\\\/www.naad-hotel.com\\\/en\\\/rooms\\\/#breadcrumb\",\"itemListElement\":[{\"@type\":\"ListItem\",\"position\":1,\"name\":\"Home\",\"item\":\"https:\\\/\\\/www.naad-hotel.com\\\/en\\\/\"},{\"@type\":\"ListItem\",\"position\":2,\"name\":\"Rooms\"}]},{\"@type\":\"WebSite\",\"@id\":\"https:\\\/\\\/www.naad-hotel.com\\\/en\\\/#website\",\"url\":\"https:\\\/\\\/www.naad-hotel.com\\\/en\\\/\",\"name\":\"Na\u00e2d Boutique H\u00f4tel\",\"description\":\"Invitez vous au c\u0153ur de Sarlat\",\"publisher\":{\"@id\":\"https:\\\/\\\/www.naad-hotel.com\\\/en\\\/#organization\"},\"potentialAction\":[{\"@type\":\"SearchAction\",\"target\":{\"@type\":\"EntryPoint\",\"urlTemplate\":\"https:\\\/\\\/www.naad-hotel.com\\\/en\\\/?s={search_term_string}\"},\"query-input\":{\"@type\":\"PropertyValueSpecification\",\"valueRequired\":true,\"valueName\":\"search_term_string\"}}],\"inLanguage\":\"en-US\"},{\"@type\":\"Organization\",\"@id\":\"https:\\\/\\\/www.naad-hotel.com\\\/en\\\/#organization\",\"name\":\"Naad Hotel\",\"url\":\"https:\\\/\\\/www.naad-hotel.com\\\/en\\\/\",\"logo\":{\"@type\":\"ImageObject\",\"inLanguage\":\"en-US\",\"@id\":\"https:\\\/\\\/www.naad-hotel.com\\\/en\\\/#\\\/schema\\\/logo\\\/image\\\/\",\"url\":\"https:\\\/\\\/www.naad-hotel.com\\\/wp-content\\\/uploads\\\/2022\\\/09\\\/logo-light-1.jpg\",\"contentUrl\":\"https:\\\/\\\/www.naad-hotel.com\\\/wp-content\\\/uploads\\\/2022\\\/09\\\/logo-light-1.jpg\",\"width\":1280,\"height\":462,\"caption\":\"Naad Hotel\"},\"image\":{\"@id\":\"https:\\\/\\\/www.naad-hotel.com\\\/en\\\/#\\\/schema\\\/logo\\\/image\\\/\"}}]}<\/script>\n<!-- \/ Yoast SEO plugin. -->","yoast_head_json":{"title":"Stay in Dordogne: discover our rooms","description":"Our hotel, in the city center of Sarlat, offers several categories of rooms. Your holidays in the Dordogne can begin!","robots":{"index":"index","follow":"follow","max-snippet":"max-snippet:-1","max-image-preview":"max-image-preview:large","max-video-preview":"max-video-preview:-1"},"canonical":"https:\/\/www.naad-hotel.com\/en\/rooms\/","og_locale":"en_US","og_type":"article","og_title":"Stay in Dordogne: discover our rooms","og_description":"Our hotel, in the city center of Sarlat, offers several categories of rooms. Your holidays in the Dordogne can begin!","og_url":"https:\/\/www.naad-hotel.com\/en\/rooms\/","og_site_name":"Na\u00e2d Boutique H\u00f4tel","article_modified_time":"2021-07-23T06:58:59+00:00","twitter_card":"summary_large_image","schema":{"@context":"https:\/\/schema.org","@graph":[{"@type":"WebPage","@id":"https:\/\/www.naad-hotel.com\/en\/rooms\/","url":"https:\/\/www.naad-hotel.com\/en\/rooms\/","name":"Stay in Dordogne: discover our rooms","isPartOf":{"@id":"https:\/\/www.naad-hotel.com\/en\/#website"},"datePublished":"2020-02-06T12:13:53+00:00","dateModified":"2021-07-23T06:58:59+00:00","description":"Our hotel, in the city center of Sarlat, offers several categories of rooms. Your holidays in the Dordogne can begin!","breadcrumb":{"@id":"https:\/\/www.naad-hotel.com\/en\/rooms\/#breadcrumb"},"inLanguage":"en-US","potentialAction":[{"@type":"ReadAction","target":["https:\/\/www.naad-hotel.com\/en\/rooms\/"]}]},{"@type":"BreadcrumbList","@id":"https:\/\/www.naad-hotel.com\/en\/rooms\/#breadcrumb","itemListElement":[{"@type":"ListItem","position":1,"name":"Home","item":"https:\/\/www.naad-hotel.com\/en\/"},{"@type":"ListItem","position":2,"name":"Rooms"}]},{"@type":"WebSite","@id":"https:\/\/www.naad-hotel.com\/en\/#website","url":"https:\/\/www.naad-hotel.com\/en\/","name":"Na\u00e2d Boutique H\u00f4tel","description":"Invitez vous au c\u0153ur de Sarlat","publisher":{"@id":"https:\/\/www.naad-hotel.com\/en\/#organization"},"potentialAction":[{"@type":"SearchAction","target":{"@type":"EntryPoint","urlTemplate":"https:\/\/www.naad-hotel.com\/en\/?s={search_term_string}"},"query-input":{"@type":"PropertyValueSpecification","valueRequired":true,"valueName":"search_term_string"}}],"inLanguage":"en-US"},{"@type":"Organization","@id":"https:\/\/www.naad-hotel.com\/en\/#organization","name":"Naad Hotel","url":"https:\/\/www.naad-hotel.com\/en\/","logo":{"@type":"ImageObject","inLanguage":"en-US","@id":"https:\/\/www.naad-hotel.com\/en\/#\/schema\/logo\/image\/","url":"https:\/\/www.naad-hotel.com\/wp-content\/uploads\/2022\/09\/logo-light-1.jpg","contentUrl":"https:\/\/www.naad-hotel.com\/wp-content\/uploads\/2022\/09\/logo-light-1.jpg","width":1280,"height":462,"caption":"Naad Hotel"},"image":{"@id":"https:\/\/www.naad-hotel.com\/en\/#\/schema\/logo\/image\/"}}]}},"_links":{"self":[{"href":"https:\/\/www.naad-hotel.com\/en\/wp-json\/wp\/v2\/pages\/1455","targetHints":{"allow":["GET"]}}],"collection":[{"href":"https:\/\/www.naad-hotel.com\/en\/wp-json\/wp\/v2\/pages"}],"about":[{"href":"https:\/\/www.naad-hotel.com\/en\/wp-json\/wp\/v2\/types\/page"}],"author":[{"embeddable":true,"href":"https:\/\/www.naad-hotel.com\/en\/wp-json\/wp\/v2\/users\/2"}],"replies":[{"embeddable":true,"href":"https:\/\/www.naad-hotel.com\/en\/wp-json\/wp\/v2\/comments?post=1455"}],"version-history":[{"count":3,"href":"https:\/\/www.naad-hotel.com\/en\/wp-json\/wp\/v2\/pages\/1455\/revisions"}],"predecessor-version":[{"id":1561,"href":"https:\/\/www.naad-hotel.com\/en\/wp-json\/wp\/v2\/pages\/1455\/revisions\/1561"}],"wp:attachment":[{"href":"https:\/\/www.naad-hotel.com\/en\/wp-json\/wp\/v2\/media?parent=1455"}],"curies":[{"name":"wp","href":"https:\/\/api.w.org\/{rel}","templated":true}]}}