{"id":1412,"date":"2020-02-06T13:25:19","date_gmt":"2020-02-06T12:25:19","guid":{"rendered":"https:\/\/www.naad-hotel.com\/en-pratique\/"},"modified":"2021-07-13T10:18:26","modified_gmt":"2021-07-13T08:18:26","slug":"practical-informations","status":"publish","type":"page","link":"https:\/\/www.naad-hotel.com\/en\/practical-informations\/","title":{"rendered":"Practical Informations"},"content":{"rendered":"","protected":false},"excerpt":{"rendered":"","protected":false},"author":2,"featured_media":0,"parent":0,"menu_order":0,"comment_status":"closed","ping_status":"closed","template":"page-pratique.php","meta":{"_acf_changed":false,"footnotes":""},"class_list":["post-1412","page","type-page","status-publish","hentry"],"acf":[],"yoast_head":"<!-- This site is optimized with the Yoast SEO plugin v27.3 - https:\/\/yoast.com\/product\/yoast-seo-wordpress\/ -->\n<title>Our hotel in practice<\/title>\n<meta name=\"description\" content=\"To make your stay as you imagine it to be, find all the practical aspects of the hotel here.\" \/>\n<meta name=\"robots\" content=\"index, follow, max-snippet:-1, max-image-preview:large, max-video-preview:-1\" \/>\n<link rel=\"canonical\" href=\"https:\/\/www.naad-hotel.com\/en\/practical-informations\/\" \/>\n<meta property=\"og:locale\" content=\"en_US\" \/>\n<meta property=\"og:type\" content=\"article\" \/>\n<meta property=\"og:title\" content=\"Our hotel in practice\" \/>\n<meta property=\"og:description\" content=\"To make your stay as you imagine it to be, find all the practical aspects of the hotel here.\" \/>\n<meta property=\"og:url\" content=\"https:\/\/www.naad-hotel.com\/en\/practical-informations\/\" \/>\n<meta property=\"og:site_name\" content=\"Na\u00e2d Boutique H\u00f4tel\" \/>\n<meta property=\"article:modified_time\" content=\"2021-07-13T08:18:26+00:00\" \/>\n<meta name=\"twitter:card\" content=\"summary_large_image\" \/>\n<script type=\"application\/ld+json\" class=\"yoast-schema-graph\">{\"@context\":\"https:\\\/\\\/schema.org\",\"@graph\":[{\"@type\":\"WebPage\",\"@id\":\"https:\\\/\\\/www.naad-hotel.com\\\/en\\\/practical-informations\\\/\",\"url\":\"https:\\\/\\\/www.naad-hotel.com\\\/en\\\/practical-informations\\\/\",\"name\":\"Our hotel in practice\",\"isPartOf\":{\"@id\":\"https:\\\/\\\/www.naad-hotel.com\\\/en\\\/#website\"},\"datePublished\":\"2020-02-06T12:25:19+00:00\",\"dateModified\":\"2021-07-13T08:18:26+00:00\",\"description\":\"To make your stay as you imagine it to be, find all the practical aspects of the hotel here.\",\"breadcrumb\":{\"@id\":\"https:\\\/\\\/www.naad-hotel.com\\\/en\\\/practical-informations\\\/#breadcrumb\"},\"inLanguage\":\"en-US\",\"potentialAction\":[{\"@type\":\"ReadAction\",\"target\":[\"https:\\\/\\\/www.naad-hotel.com\\\/en\\\/practical-informations\\\/\"]}]},{\"@type\":\"BreadcrumbList\",\"@id\":\"https:\\\/\\\/www.naad-hotel.com\\\/en\\\/practical-informations\\\/#breadcrumb\",\"itemListElement\":[{\"@type\":\"ListItem\",\"position\":1,\"name\":\"Home\",\"item\":\"https:\\\/\\\/www.naad-hotel.com\\\/en\\\/\"},{\"@type\":\"ListItem\",\"position\":2,\"name\":\"Practical Infos\"}]},{\"@type\":\"WebSite\",\"@id\":\"https:\\\/\\\/www.naad-hotel.com\\\/en\\\/#website\",\"url\":\"https:\\\/\\\/www.naad-hotel.com\\\/en\\\/\",\"name\":\"Na\u00e2d Boutique H\u00f4tel\",\"description\":\"Invitez vous au c\u0153ur de Sarlat\",\"publisher\":{\"@id\":\"https:\\\/\\\/www.naad-hotel.com\\\/en\\\/#organization\"},\"potentialAction\":[{\"@type\":\"SearchAction\",\"target\":{\"@type\":\"EntryPoint\",\"urlTemplate\":\"https:\\\/\\\/www.naad-hotel.com\\\/en\\\/?s={search_term_string}\"},\"query-input\":{\"@type\":\"PropertyValueSpecification\",\"valueRequired\":true,\"valueName\":\"search_term_string\"}}],\"inLanguage\":\"en-US\"},{\"@type\":\"Organization\",\"@id\":\"https:\\\/\\\/www.naad-hotel.com\\\/en\\\/#organization\",\"name\":\"Naad Hotel\",\"url\":\"https:\\\/\\\/www.naad-hotel.com\\\/en\\\/\",\"logo\":{\"@type\":\"ImageObject\",\"inLanguage\":\"en-US\",\"@id\":\"https:\\\/\\\/www.naad-hotel.com\\\/en\\\/#\\\/schema\\\/logo\\\/image\\\/\",\"url\":\"https:\\\/\\\/www.naad-hotel.com\\\/wp-content\\\/uploads\\\/2022\\\/09\\\/logo-light-1.jpg\",\"contentUrl\":\"https:\\\/\\\/www.naad-hotel.com\\\/wp-content\\\/uploads\\\/2022\\\/09\\\/logo-light-1.jpg\",\"width\":1280,\"height\":462,\"caption\":\"Naad Hotel\"},\"image\":{\"@id\":\"https:\\\/\\\/www.naad-hotel.com\\\/en\\\/#\\\/schema\\\/logo\\\/image\\\/\"}}]}<\/script>\n<!-- \/ Yoast SEO plugin. -->","yoast_head_json":{"title":"Our hotel in practice","description":"To make your stay as you imagine it to be, find all the practical aspects of the hotel here.","robots":{"index":"index","follow":"follow","max-snippet":"max-snippet:-1","max-image-preview":"max-image-preview:large","max-video-preview":"max-video-preview:-1"},"canonical":"https:\/\/www.naad-hotel.com\/en\/practical-informations\/","og_locale":"en_US","og_type":"article","og_title":"Our hotel in practice","og_description":"To make your stay as you imagine it to be, find all the practical aspects of the hotel here.","og_url":"https:\/\/www.naad-hotel.com\/en\/practical-informations\/","og_site_name":"Na\u00e2d Boutique H\u00f4tel","article_modified_time":"2021-07-13T08:18:26+00:00","twitter_card":"summary_large_image","schema":{"@context":"https:\/\/schema.org","@graph":[{"@type":"WebPage","@id":"https:\/\/www.naad-hotel.com\/en\/practical-informations\/","url":"https:\/\/www.naad-hotel.com\/en\/practical-informations\/","name":"Our hotel in practice","isPartOf":{"@id":"https:\/\/www.naad-hotel.com\/en\/#website"},"datePublished":"2020-02-06T12:25:19+00:00","dateModified":"2021-07-13T08:18:26+00:00","description":"To make your stay as you imagine it to be, find all the practical aspects of the hotel here.","breadcrumb":{"@id":"https:\/\/www.naad-hotel.com\/en\/practical-informations\/#breadcrumb"},"inLanguage":"en-US","potentialAction":[{"@type":"ReadAction","target":["https:\/\/www.naad-hotel.com\/en\/practical-informations\/"]}]},{"@type":"BreadcrumbList","@id":"https:\/\/www.naad-hotel.com\/en\/practical-informations\/#breadcrumb","itemListElement":[{"@type":"ListItem","position":1,"name":"Home","item":"https:\/\/www.naad-hotel.com\/en\/"},{"@type":"ListItem","position":2,"name":"Practical Infos"}]},{"@type":"WebSite","@id":"https:\/\/www.naad-hotel.com\/en\/#website","url":"https:\/\/www.naad-hotel.com\/en\/","name":"Na\u00e2d Boutique H\u00f4tel","description":"Invitez vous au c\u0153ur de Sarlat","publisher":{"@id":"https:\/\/www.naad-hotel.com\/en\/#organization"},"potentialAction":[{"@type":"SearchAction","target":{"@type":"EntryPoint","urlTemplate":"https:\/\/www.naad-hotel.com\/en\/?s={search_term_string}"},"query-input":{"@type":"PropertyValueSpecification","valueRequired":true,"valueName":"search_term_string"}}],"inLanguage":"en-US"},{"@type":"Organization","@id":"https:\/\/www.naad-hotel.com\/en\/#organization","name":"Naad Hotel","url":"https:\/\/www.naad-hotel.com\/en\/","logo":{"@type":"ImageObject","inLanguage":"en-US","@id":"https:\/\/www.naad-hotel.com\/en\/#\/schema\/logo\/image\/","url":"https:\/\/www.naad-hotel.com\/wp-content\/uploads\/2022\/09\/logo-light-1.jpg","contentUrl":"https:\/\/www.naad-hotel.com\/wp-content\/uploads\/2022\/09\/logo-light-1.jpg","width":1280,"height":462,"caption":"Naad Hotel"},"image":{"@id":"https:\/\/www.naad-hotel.com\/en\/#\/schema\/logo\/image\/"}}]}},"_links":{"self":[{"href":"https:\/\/www.naad-hotel.com\/en\/wp-json\/wp\/v2\/pages\/1412","targetHints":{"allow":["GET"]}}],"collection":[{"href":"https:\/\/www.naad-hotel.com\/en\/wp-json\/wp\/v2\/pages"}],"about":[{"href":"https:\/\/www.naad-hotel.com\/en\/wp-json\/wp\/v2\/types\/page"}],"author":[{"embeddable":true,"href":"https:\/\/www.naad-hotel.com\/en\/wp-json\/wp\/v2\/users\/2"}],"replies":[{"embeddable":true,"href":"https:\/\/www.naad-hotel.com\/en\/wp-json\/wp\/v2\/comments?post=1412"}],"version-history":[{"count":1,"href":"https:\/\/www.naad-hotel.com\/en\/wp-json\/wp\/v2\/pages\/1412\/revisions"}],"predecessor-version":[{"id":1414,"href":"https:\/\/www.naad-hotel.com\/en\/wp-json\/wp\/v2\/pages\/1412\/revisions\/1414"}],"wp:attachment":[{"href":"https:\/\/www.naad-hotel.com\/en\/wp-json\/wp\/v2\/media?parent=1412"}],"curies":[{"name":"wp","href":"https:\/\/api.w.org\/{rel}","templated":true}]}}